{"id":20,"date":"2024-04-02T13:34:44","date_gmt":"2024-04-02T11:34:44","guid":{"rendered":"http:\/\/localhost\/implant\/?page_id=20"},"modified":"2024-04-11T11:50:38","modified_gmt":"2024-04-11T09:50:38","slug":"impressum","status":"publish","type":"page","link":"https:\/\/www.web2-design.eu\/projekt-1\/impressum\/","title":{"rendered":"Impressum"},"content":{"rendered":"\t\t<div data-elementor-type=\"wp-page\" data-elementor-id=\"20\" class=\"elementor elementor-20\" data-elementor-post-type=\"page\">\n\t\t\t\t<div class=\"elementor-element elementor-element-d44e7d4 e-flex e-con-boxed e-con e-parent\" data-id=\"d44e7d4\" data-element_type=\"container\" data-e-type=\"container\">\n\t\t\t\t\t<div class=\"e-con-inner\">\n\t\t\t\t<div class=\"elementor-element elementor-element-f10bb33 elementor-widget elementor-widget-text-editor\" data-id=\"f10bb33\" data-element_type=\"widget\" data-e-type=\"widget\" data-widget_type=\"text-editor.default\">\n\t\t\t\t<div class=\"elementor-widget-container\">\n\t\t\t\t\t\t\t\t\t<p>Sie erreichen uns unter der folgenden Anschrift:<\/p><p>Peter D\u00f6rr Stadthaus<br \/>Bau \u2013 und Sanierungs GmbH<\/p><p>Obere Innstra\u00dfe 1 \u2022 83512 Wasserburg\/Inn<\/p><p>Telefon: 08071\u2013 90 35 24 \u2022 Fax: 08071\u2013 92 41 01<br \/>E-mail:\u00a0\u00a0 <a href=\"mailto: info@www.doerr-stadthaus.de\" target=\"_blank\" rel=\"noopener\"> info@www.doerr-stadthaus.de<\/a><br \/>Internet:\u00a0 <a href=\"https:\/\/www.doerr-stadthaus.de\" target=\"_blank\" rel=\"noopener\">www.doerr-stadthaus.de<\/a><\/p><p>Gesch\u00e4ftsf\u00fchrer: Peter D\u00f6rr<br \/>Registergericht: Amtsgericht Traunstein<br \/>Registernummer: HRB 11591<br \/>Inhaltlich Verantwortlicher gem\u00e4\u00df \u00a7 6 MDStV: Peter D\u00f6rr<\/p><p>Ansprechpartner f\u00fcr Fragen zur Web-Site:<br \/><a href=\"mailto: info@www.doerr-stadthaus.de\" target=\"_blank\" rel=\"noopener\">info@www.doerr-stadthaus.de<\/a><\/p><p>Haftungshinweis: Trotz sorgf\u00e4ltiger inhaltlicher Kontrolle \u00fcbernehmen wir keine Haftung f\u00fcr die Inhalte externer Links.<br \/>F\u00fcr den Inhalt der verlinkten Seiten sind ausschlie\u00dflich deren Betreiber verantwortlich.<\/p><p>Rechtshinweise<\/p><p>Mit Urteil vom 12. Mai 1998 \u2013 AZ 312 O 85\/98 \u2013 \u201eHaftung f\u00fcr Links\u201c hat das Landgericht (LG) Hamburg entschieden, dass man durch die Anbringung eines Links, die Inhalte der gelinkten Seite ggf. mit zu verantworten hat. Dies kann \u2013 so das LG \u2013 nur dadurch verhindert werden, dass man sich ausdr\u00fccklich von diesen Inhalten distanziert. Hiermit distanzieren wir uns ausdr\u00fccklich von allen Inhalten aller gelinkten Seiten auf unserer Homepage und machen uns diese Inhalte nicht zu eigen. Diese Erkl\u00e4rung gilt f\u00fcr alle auf dieser Website angebrachten Links.<br \/>Des Weiteren k\u00f6nnen diese Web-Seiten ohne Wissen der Inhabers dieser webseiten von einer anderen Seite mittels Hyperlink angelinkt worden sein. Der Inhaber dieser webseiten \u00fcbernimmt keine Verantwortung f\u00fcr Darstellung, Inhalt oder irgendeine Verbindung dieses Internetauftritt in Web-Seiten Dritter.<\/p><p>Haftungsausschluss<\/p><p>Die bereitgestellten Informationen auf dieser Website wurden sorgf\u00e4ltig gepr\u00fcft und werden regelm\u00e4\u00dfig aktualisiert. Jedoch kann keine Garantie daf\u00fcr \u00fcbernommen werden, dass alle Angaben zu jeder Zeit vollst\u00e4ndig, richtig und in letzter Aktualit\u00e4t dargestellt sind. Dies gilt insbesondere f\u00fcr alle Verbindungen (\u201eLinks\u201c) zu anderen Web Sites, auf die direkt oder indirekt verwiesen wird. Alle Angaben k\u00f6nnen ohne vorherige Ank\u00fcndigung erg\u00e4nzt, entfernt oder ge\u00e4ndert werden. Alle auf dieser Website genannten Produktnamen, Produktbezeichnungen und Logos sind eingetragene Warenzeichen und Eigentum der jeweiligen Rechteinhaber.<\/p><p>Urheberrechte<\/p><p>Inhalte und Struktur dieser Webseiten sind urheberrechtlich gesch\u00fctzt.<br \/>Die Verwendung von Inhalten oder Daten, insbesondere die Verwendung von Texten, Textteilen, Bildern, Logos, Grafikelementen usw. bedarf der vorherigen und ausdr\u00fccklichen schriftlichen Zustimmung der Peter Doerr Bau- und Sanierungs GmbH.<\/p>\t\t\t\t\t\t\t\t<\/div>\n\t\t\t\t<\/div>\n\t\t\t\t\t<\/div>\n\t\t\t\t<\/div>\n\t\t\t\t<\/div>\n\t\t","protected":false},"excerpt":{"rendered":"<p>Sie erreichen uns unter der folgenden Anschrift: Peter D\u00f6rr StadthausBau \u2013 und Sanierungs GmbH Obere Innstra\u00dfe 1 \u2022 83512 Wasserburg\/Inn Telefon: 08071\u2013 90 35 24 \u2022 Fax: 08071\u2013 92 41 01E-mail:\u00a0\u00a0 info@www.doerr-stadthaus.deInternet:\u00a0 www.doerr-stadthaus.de Gesch\u00e4ftsf\u00fchrer: Peter D\u00f6rrRegistergericht: Amtsgericht TraunsteinRegisternummer: HRB 11591Inhaltlich Verantwortlicher gem\u00e4\u00df \u00a7 6 MDStV: Peter D\u00f6rr Ansprechpartner f\u00fcr Fragen zur Web-Site:info@www.doerr-stadthaus.de Haftungshinweis: Trotz sorgf\u00e4ltiger [&hellip;]<\/p>\n","protected":false},"author":1,"featured_media":0,"parent":0,"menu_order":0,"comment_status":"closed","ping_status":"closed","template":"","meta":{"footnotes":""},"class_list":["post-20","page","type-page","status-publish","hentry"],"_links":{"self":[{"href":"https:\/\/www.web2-design.eu\/projekt-1\/wp-json\/wp\/v2\/pages\/20","targetHints":{"allow":["GET"]}}],"collection":[{"href":"https:\/\/www.web2-design.eu\/projekt-1\/wp-json\/wp\/v2\/pages"}],"about":[{"href":"https:\/\/www.web2-design.eu\/projekt-1\/wp-json\/wp\/v2\/types\/page"}],"author":[{"embeddable":true,"href":"https:\/\/www.web2-design.eu\/projekt-1\/wp-json\/wp\/v2\/users\/1"}],"replies":[{"embeddable":true,"href":"https:\/\/www.web2-design.eu\/projekt-1\/wp-json\/wp\/v2\/comments?post=20"}],"version-history":[{"count":0,"href":"https:\/\/www.web2-design.eu\/projekt-1\/wp-json\/wp\/v2\/pages\/20\/revisions"}],"wp:attachment":[{"href":"https:\/\/www.web2-design.eu\/projekt-1\/wp-json\/wp\/v2\/media?parent=20"}],"curies":[{"name":"wp","href":"https:\/\/api.w.org\/{rel}","templated":true}]}}